{"id":7820,"date":"2025-07-02T08:36:19","date_gmt":"2025-07-02T06:36:19","guid":{"rendered":"https:\/\/www.goodtimedesign.pl\/projektowanie-systemow-identyfikacji\/"},"modified":"2025-10-24T13:17:48","modified_gmt":"2025-10-24T11:17:48","slug":"designing-identification-systems","status":"publish","type":"page","link":"https:\/\/www.goodtimedesign.pl\/en\/offer\/designing-identification-systems\/","title":{"rendered":"Designing identification systems"},"content":{"rendered":"","protected":false},"excerpt":{"rendered":"","protected":false},"author":1,"featured_media":0,"parent":8187,"menu_order":7,"comment_status":"closed","ping_status":"closed","template":"","meta":{"_acf_changed":false,"inline_featured_image":false,"footnotes":""},"class_list":["post-7820","page","type-page","status-publish","hentry"],"acf":[],"yoast_head":"<!-- This site is optimized with the Yoast SEO plugin v27.4 - https:\/\/yoast.com\/product\/yoast-seo-wordpress\/ -->\n<title>Designing identification systems Gliwice - Good Time Design<\/title>\n<meta name=\"description\" content=\"Tworzymy systemy identyfikacji, kt\u00f3re wzmacniaj\u0105 mark\u0119 i u\u0142atwiaj\u0105 nawigacj\u0119. Projektowanie oznakowania, wayfindingu i element\u00f3w wizualnych.\" \/>\n<meta name=\"robots\" content=\"index, follow, max-snippet:-1, max-image-preview:large, max-video-preview:-1\" \/>\n<link rel=\"canonical\" href=\"https:\/\/www.goodtimedesign.pl\/en\/offer\/designing-identification-systems\/\" \/>\n<meta property=\"og:locale\" content=\"en_US\" \/>\n<meta property=\"og:type\" content=\"article\" \/>\n<meta property=\"og:title\" content=\"Designing identification systems Gliwice - Good Time Design\" \/>\n<meta property=\"og:description\" content=\"Tworzymy systemy identyfikacji, kt\u00f3re wzmacniaj\u0105 mark\u0119 i u\u0142atwiaj\u0105 nawigacj\u0119. Projektowanie oznakowania, wayfindingu i element\u00f3w wizualnych.\" \/>\n<meta property=\"og:url\" content=\"https:\/\/www.goodtimedesign.pl\/en\/offer\/designing-identification-systems\/\" \/>\n<meta property=\"og:site_name\" content=\"Good Time Design\" \/>\n<meta property=\"article:modified_time\" content=\"2025-10-24T11:17:48+00:00\" \/>\n<meta name=\"twitter:card\" content=\"summary_large_image\" \/>\n<script type=\"application\/ld+json\" class=\"yoast-schema-graph\">{\"@context\":\"https:\\\/\\\/schema.org\",\"@graph\":[{\"@type\":\"WebPage\",\"@id\":\"https:\\\/\\\/www.goodtimedesign.pl\\\/en\\\/offer\\\/designing-identification-systems\\\/\",\"url\":\"https:\\\/\\\/www.goodtimedesign.pl\\\/en\\\/offer\\\/designing-identification-systems\\\/\",\"name\":\"Designing identification systems Gliwice - Good Time Design\",\"isPartOf\":{\"@id\":\"https:\\\/\\\/www.goodtimedesign.pl\\\/#website\"},\"datePublished\":\"2025-07-02T06:36:19+00:00\",\"dateModified\":\"2025-10-24T11:17:48+00:00\",\"description\":\"Tworzymy systemy identyfikacji, kt\u00f3re wzmacniaj\u0105 mark\u0119 i u\u0142atwiaj\u0105 nawigacj\u0119. Projektowanie oznakowania, wayfindingu i element\u00f3w wizualnych.\",\"breadcrumb\":{\"@id\":\"https:\\\/\\\/www.goodtimedesign.pl\\\/en\\\/offer\\\/designing-identification-systems\\\/#breadcrumb\"},\"inLanguage\":\"en-US\",\"potentialAction\":[{\"@type\":\"ReadAction\",\"target\":[\"https:\\\/\\\/www.goodtimedesign.pl\\\/en\\\/offer\\\/designing-identification-systems\\\/\"]}]},{\"@type\":\"BreadcrumbList\",\"@id\":\"https:\\\/\\\/www.goodtimedesign.pl\\\/en\\\/offer\\\/designing-identification-systems\\\/#breadcrumb\",\"itemListElement\":[{\"@type\":\"ListItem\",\"position\":1,\"name\":\"Strona g\u0142\u00f3wna\",\"item\":\"https:\\\/\\\/www.goodtimedesign.pl\\\/en\\\/\"},{\"@type\":\"ListItem\",\"position\":2,\"name\":\"Offer\",\"item\":\"https:\\\/\\\/www.goodtimedesign.pl\\\/en\\\/offer\\\/\"},{\"@type\":\"ListItem\",\"position\":3,\"name\":\"Designing identification...\"}]},{\"@type\":\"WebSite\",\"@id\":\"https:\\\/\\\/www.goodtimedesign.pl\\\/#website\",\"url\":\"https:\\\/\\\/www.goodtimedesign.pl\\\/\",\"name\":\"Good Time Design\",\"description\":\"\",\"potentialAction\":[{\"@type\":\"SearchAction\",\"target\":{\"@type\":\"EntryPoint\",\"urlTemplate\":\"https:\\\/\\\/www.goodtimedesign.pl\\\/?s={search_term_string}\"},\"query-input\":{\"@type\":\"PropertyValueSpecification\",\"valueRequired\":true,\"valueName\":\"search_term_string\"}}],\"inLanguage\":\"en-US\"}]}<\/script>\n<!-- \/ Yoast SEO plugin. -->","yoast_head_json":{"title":"Designing identification systems Gliwice - Good Time Design","description":"Tworzymy systemy identyfikacji, kt\u00f3re wzmacniaj\u0105 mark\u0119 i u\u0142atwiaj\u0105 nawigacj\u0119. Projektowanie oznakowania, wayfindingu i element\u00f3w wizualnych.","robots":{"index":"index","follow":"follow","max-snippet":"max-snippet:-1","max-image-preview":"max-image-preview:large","max-video-preview":"max-video-preview:-1"},"canonical":"https:\/\/www.goodtimedesign.pl\/en\/offer\/designing-identification-systems\/","og_locale":"en_US","og_type":"article","og_title":"Designing identification systems Gliwice - Good Time Design","og_description":"Tworzymy systemy identyfikacji, kt\u00f3re wzmacniaj\u0105 mark\u0119 i u\u0142atwiaj\u0105 nawigacj\u0119. Projektowanie oznakowania, wayfindingu i element\u00f3w wizualnych.","og_url":"https:\/\/www.goodtimedesign.pl\/en\/offer\/designing-identification-systems\/","og_site_name":"Good Time Design","article_modified_time":"2025-10-24T11:17:48+00:00","twitter_card":"summary_large_image","schema":{"@context":"https:\/\/schema.org","@graph":[{"@type":"WebPage","@id":"https:\/\/www.goodtimedesign.pl\/en\/offer\/designing-identification-systems\/","url":"https:\/\/www.goodtimedesign.pl\/en\/offer\/designing-identification-systems\/","name":"Designing identification systems Gliwice - Good Time Design","isPartOf":{"@id":"https:\/\/www.goodtimedesign.pl\/#website"},"datePublished":"2025-07-02T06:36:19+00:00","dateModified":"2025-10-24T11:17:48+00:00","description":"Tworzymy systemy identyfikacji, kt\u00f3re wzmacniaj\u0105 mark\u0119 i u\u0142atwiaj\u0105 nawigacj\u0119. Projektowanie oznakowania, wayfindingu i element\u00f3w wizualnych.","breadcrumb":{"@id":"https:\/\/www.goodtimedesign.pl\/en\/offer\/designing-identification-systems\/#breadcrumb"},"inLanguage":"en-US","potentialAction":[{"@type":"ReadAction","target":["https:\/\/www.goodtimedesign.pl\/en\/offer\/designing-identification-systems\/"]}]},{"@type":"BreadcrumbList","@id":"https:\/\/www.goodtimedesign.pl\/en\/offer\/designing-identification-systems\/#breadcrumb","itemListElement":[{"@type":"ListItem","position":1,"name":"Strona g\u0142\u00f3wna","item":"https:\/\/www.goodtimedesign.pl\/en\/"},{"@type":"ListItem","position":2,"name":"Offer","item":"https:\/\/www.goodtimedesign.pl\/en\/offer\/"},{"@type":"ListItem","position":3,"name":"Designing identification..."}]},{"@type":"WebSite","@id":"https:\/\/www.goodtimedesign.pl\/#website","url":"https:\/\/www.goodtimedesign.pl\/","name":"Good Time Design","description":"","potentialAction":[{"@type":"SearchAction","target":{"@type":"EntryPoint","urlTemplate":"https:\/\/www.goodtimedesign.pl\/?s={search_term_string}"},"query-input":{"@type":"PropertyValueSpecification","valueRequired":true,"valueName":"search_term_string"}}],"inLanguage":"en-US"}]}},"_links":{"self":[{"href":"https:\/\/www.goodtimedesign.pl\/en\/wp-json\/wp\/v2\/pages\/7820","targetHints":{"allow":["GET"]}}],"collection":[{"href":"https:\/\/www.goodtimedesign.pl\/en\/wp-json\/wp\/v2\/pages"}],"about":[{"href":"https:\/\/www.goodtimedesign.pl\/en\/wp-json\/wp\/v2\/types\/page"}],"author":[{"embeddable":true,"href":"https:\/\/www.goodtimedesign.pl\/en\/wp-json\/wp\/v2\/users\/1"}],"replies":[{"embeddable":true,"href":"https:\/\/www.goodtimedesign.pl\/en\/wp-json\/wp\/v2\/comments?post=7820"}],"version-history":[{"count":5,"href":"https:\/\/www.goodtimedesign.pl\/en\/wp-json\/wp\/v2\/pages\/7820\/revisions"}],"predecessor-version":[{"id":8365,"href":"https:\/\/www.goodtimedesign.pl\/en\/wp-json\/wp\/v2\/pages\/7820\/revisions\/8365"}],"up":[{"embeddable":true,"href":"https:\/\/www.goodtimedesign.pl\/en\/wp-json\/wp\/v2\/pages\/8187"}],"wp:attachment":[{"href":"https:\/\/www.goodtimedesign.pl\/en\/wp-json\/wp\/v2\/media?parent=7820"}],"curies":[{"name":"wp","href":"https:\/\/api.w.org\/{rel}","templated":true}]}}