{"id":7813,"date":"2025-07-02T08:36:19","date_gmt":"2025-07-02T06:36:19","guid":{"rendered":"https:\/\/www.goodtimedesign.pl\/projektowanie-wnetrz-komercyjnych\/"},"modified":"2025-09-30T21:33:12","modified_gmt":"2025-09-30T19:33:12","slug":"commercial-interior-design","status":"publish","type":"page","link":"https:\/\/www.goodtimedesign.pl\/en\/offer\/commercial-interior-design\/","title":{"rendered":"Commercial interior design"},"content":{"rendered":"","protected":false},"excerpt":{"rendered":"","protected":false},"author":1,"featured_media":0,"parent":8187,"menu_order":5,"comment_status":"closed","ping_status":"closed","template":"","meta":{"_acf_changed":false,"inline_featured_image":false,"footnotes":""},"class_list":["post-7813","page","type-page","status-publish","hentry"],"acf":[],"yoast_head":"<!-- This site is optimized with the Yoast SEO plugin v27.4 - https:\/\/yoast.com\/product\/yoast-seo-wordpress\/ -->\n<title>Commercial interior design Gliwice - Good Time Design<\/title>\n<meta name=\"description\" content=\"Tworzymy wn\u0119trza komercyjne, kt\u00f3re przyci\u0105gaj\u0105 klient\u00f3w i wspieraj\u0105 biznes. Kompleksowe projektowanie przestrzeni handlowych i us\u0142ugowych\" \/>\n<meta name=\"robots\" content=\"index, follow, max-snippet:-1, max-image-preview:large, max-video-preview:-1\" \/>\n<link rel=\"canonical\" href=\"https:\/\/www.goodtimedesign.pl\/en\/commercial-interior-design\/\" \/>\n<meta property=\"og:locale\" content=\"en_US\" \/>\n<meta property=\"og:type\" content=\"article\" \/>\n<meta property=\"og:title\" content=\"Commercial interior design Gliwice - Good Time Design\" \/>\n<meta property=\"og:description\" content=\"Tworzymy wn\u0119trza komercyjne, kt\u00f3re przyci\u0105gaj\u0105 klient\u00f3w i wspieraj\u0105 biznes. Kompleksowe projektowanie przestrzeni handlowych i us\u0142ugowych\" \/>\n<meta property=\"og:url\" content=\"https:\/\/www.goodtimedesign.pl\/en\/commercial-interior-design\/\" \/>\n<meta property=\"og:site_name\" content=\"Good Time Design\" \/>\n<meta property=\"article:modified_time\" content=\"2025-09-30T19:33:12+00:00\" \/>\n<meta name=\"twitter:card\" content=\"summary_large_image\" \/>\n<script type=\"application\/ld+json\" class=\"yoast-schema-graph\">{\"@context\":\"https:\\\/\\\/schema.org\",\"@graph\":[{\"@type\":\"WebPage\",\"@id\":\"https:\\\/\\\/www.goodtimedesign.pl\\\/en\\\/commercial-interior-design\\\/\",\"url\":\"https:\\\/\\\/www.goodtimedesign.pl\\\/en\\\/commercial-interior-design\\\/\",\"name\":\"Commercial interior design Gliwice - Good Time Design\",\"isPartOf\":{\"@id\":\"https:\\\/\\\/www.goodtimedesign.pl\\\/#website\"},\"datePublished\":\"2025-07-02T06:36:19+00:00\",\"dateModified\":\"2025-09-30T19:33:12+00:00\",\"description\":\"Tworzymy wn\u0119trza komercyjne, kt\u00f3re przyci\u0105gaj\u0105 klient\u00f3w i wspieraj\u0105 biznes. Kompleksowe projektowanie przestrzeni handlowych i us\u0142ugowych\",\"breadcrumb\":{\"@id\":\"https:\\\/\\\/www.goodtimedesign.pl\\\/en\\\/commercial-interior-design\\\/#breadcrumb\"},\"inLanguage\":\"en-US\",\"potentialAction\":[{\"@type\":\"ReadAction\",\"target\":[\"https:\\\/\\\/www.goodtimedesign.pl\\\/en\\\/commercial-interior-design\\\/\"]}]},{\"@type\":\"BreadcrumbList\",\"@id\":\"https:\\\/\\\/www.goodtimedesign.pl\\\/en\\\/commercial-interior-design\\\/#breadcrumb\",\"itemListElement\":[{\"@type\":\"ListItem\",\"position\":1,\"name\":\"Strona g\u0142\u00f3wna\",\"item\":\"https:\\\/\\\/www.goodtimedesign.pl\\\/en\\\/\"},{\"@type\":\"ListItem\",\"position\":2,\"name\":\"Commercial interior design\"}]},{\"@type\":\"WebSite\",\"@id\":\"https:\\\/\\\/www.goodtimedesign.pl\\\/#website\",\"url\":\"https:\\\/\\\/www.goodtimedesign.pl\\\/\",\"name\":\"Good Time Design\",\"description\":\"\",\"potentialAction\":[{\"@type\":\"SearchAction\",\"target\":{\"@type\":\"EntryPoint\",\"urlTemplate\":\"https:\\\/\\\/www.goodtimedesign.pl\\\/?s={search_term_string}\"},\"query-input\":{\"@type\":\"PropertyValueSpecification\",\"valueRequired\":true,\"valueName\":\"search_term_string\"}}],\"inLanguage\":\"en-US\"}]}<\/script>\n<!-- \/ Yoast SEO plugin. -->","yoast_head_json":{"title":"Commercial interior design Gliwice - Good Time Design","description":"Tworzymy wn\u0119trza komercyjne, kt\u00f3re przyci\u0105gaj\u0105 klient\u00f3w i wspieraj\u0105 biznes. Kompleksowe projektowanie przestrzeni handlowych i us\u0142ugowych","robots":{"index":"index","follow":"follow","max-snippet":"max-snippet:-1","max-image-preview":"max-image-preview:large","max-video-preview":"max-video-preview:-1"},"canonical":"https:\/\/www.goodtimedesign.pl\/en\/commercial-interior-design\/","og_locale":"en_US","og_type":"article","og_title":"Commercial interior design Gliwice - Good Time Design","og_description":"Tworzymy wn\u0119trza komercyjne, kt\u00f3re przyci\u0105gaj\u0105 klient\u00f3w i wspieraj\u0105 biznes. Kompleksowe projektowanie przestrzeni handlowych i us\u0142ugowych","og_url":"https:\/\/www.goodtimedesign.pl\/en\/commercial-interior-design\/","og_site_name":"Good Time Design","article_modified_time":"2025-09-30T19:33:12+00:00","twitter_card":"summary_large_image","schema":{"@context":"https:\/\/schema.org","@graph":[{"@type":"WebPage","@id":"https:\/\/www.goodtimedesign.pl\/en\/commercial-interior-design\/","url":"https:\/\/www.goodtimedesign.pl\/en\/commercial-interior-design\/","name":"Commercial interior design Gliwice - Good Time Design","isPartOf":{"@id":"https:\/\/www.goodtimedesign.pl\/#website"},"datePublished":"2025-07-02T06:36:19+00:00","dateModified":"2025-09-30T19:33:12+00:00","description":"Tworzymy wn\u0119trza komercyjne, kt\u00f3re przyci\u0105gaj\u0105 klient\u00f3w i wspieraj\u0105 biznes. Kompleksowe projektowanie przestrzeni handlowych i us\u0142ugowych","breadcrumb":{"@id":"https:\/\/www.goodtimedesign.pl\/en\/commercial-interior-design\/#breadcrumb"},"inLanguage":"en-US","potentialAction":[{"@type":"ReadAction","target":["https:\/\/www.goodtimedesign.pl\/en\/commercial-interior-design\/"]}]},{"@type":"BreadcrumbList","@id":"https:\/\/www.goodtimedesign.pl\/en\/commercial-interior-design\/#breadcrumb","itemListElement":[{"@type":"ListItem","position":1,"name":"Strona g\u0142\u00f3wna","item":"https:\/\/www.goodtimedesign.pl\/en\/"},{"@type":"ListItem","position":2,"name":"Commercial interior design"}]},{"@type":"WebSite","@id":"https:\/\/www.goodtimedesign.pl\/#website","url":"https:\/\/www.goodtimedesign.pl\/","name":"Good Time Design","description":"","potentialAction":[{"@type":"SearchAction","target":{"@type":"EntryPoint","urlTemplate":"https:\/\/www.goodtimedesign.pl\/?s={search_term_string}"},"query-input":{"@type":"PropertyValueSpecification","valueRequired":true,"valueName":"search_term_string"}}],"inLanguage":"en-US"}]}},"_links":{"self":[{"href":"https:\/\/www.goodtimedesign.pl\/en\/wp-json\/wp\/v2\/pages\/7813","targetHints":{"allow":["GET"]}}],"collection":[{"href":"https:\/\/www.goodtimedesign.pl\/en\/wp-json\/wp\/v2\/pages"}],"about":[{"href":"https:\/\/www.goodtimedesign.pl\/en\/wp-json\/wp\/v2\/types\/page"}],"author":[{"embeddable":true,"href":"https:\/\/www.goodtimedesign.pl\/en\/wp-json\/wp\/v2\/users\/1"}],"replies":[{"embeddable":true,"href":"https:\/\/www.goodtimedesign.pl\/en\/wp-json\/wp\/v2\/comments?post=7813"}],"version-history":[{"count":4,"href":"https:\/\/www.goodtimedesign.pl\/en\/wp-json\/wp\/v2\/pages\/7813\/revisions"}],"predecessor-version":[{"id":7817,"href":"https:\/\/www.goodtimedesign.pl\/en\/wp-json\/wp\/v2\/pages\/7813\/revisions\/7817"}],"up":[{"embeddable":true,"href":"https:\/\/www.goodtimedesign.pl\/en\/wp-json\/wp\/v2\/pages\/8187"}],"wp:attachment":[{"href":"https:\/\/www.goodtimedesign.pl\/en\/wp-json\/wp\/v2\/media?parent=7813"}],"curies":[{"name":"wp","href":"https:\/\/api.w.org\/{rel}","templated":true}]}}